{"id":964,"date":"2024-11-17T11:17:36","date_gmt":"2024-11-17T10:17:36","guid":{"rendered":"https:\/\/createtemplate.es\/plantillaps\/?page_id=964"},"modified":"2024-11-17T11:38:24","modified_gmt":"2024-11-17T10:38:24","slug":"sobre-mi","status":"publish","type":"page","link":"https:\/\/createtemplate.es\/plantillaps\/sobre-mi\/","title":{"rendered":"SOBRE M\u00cd"},"content":{"rendered":"\t\t<div data-elementor-type=\"wp-page\" data-elementor-id=\"964\" class=\"elementor elementor-964\">\n\t\t\t\t<div data-wpr-sticky-section=\"yes\" data-wpr-position-type=\"fixed\" data-wpr-position-offset=\"0\" data-wpr-position-location=\"top\" data-wpr-sticky-devices=\"mobile_sticky tablet_sticky desktop_sticky\" data-wpr-custom-breakpoints=\"default\" data-wpr-active-breakpoints=\"mobile_sticky tablet_sticky desktop_sticky\" data-wpr-z-index=\"10\" data-wpr-sticky-hide=\"\" data-wpr-replace-header=\"\" data-wpr-animation-duration=\"\" data-wpr-sticky-type=\"\" class=\"elementor-element elementor-element-a26a51a wpr-sticky-section-yes elementor-hidden-mobile e-flex e-con-boxed wpr-particle-no wpr-jarallax-no wpr-parallax-no e-con e-parent\" data-id=\"a26a51a\" data-element_type=\"container\" data-settings=\"{&quot;background_background&quot;:&quot;classic&quot;,&quot;position_offset&quot;:0,&quot;position_offset_tablet&quot;:0,&quot;position_offset_mobile&quot;:0}\">\n\t\t\t\t\t<div class=\"e-con-inner\">\n\t\t<div class=\"elementor-element elementor-element-db0d6be e-con-full e-flex wpr-particle-no wpr-jarallax-no wpr-parallax-no wpr-sticky-section-no e-con e-child\" data-id=\"db0d6be\" data-element_type=\"container\">\n\t\t\t\t<div class=\"elementor-element elementor-element-a09eb9b elementor-widget elementor-widget-image\" data-id=\"a09eb9b\" data-element_type=\"widget\" data-widget_type=\"image.default\">\n\t\t\t\t<div class=\"elementor-widget-container\">\n\t\t\t\t\t\t\t\t\t\t\t\t\t\t\t<img decoding=\"async\" width=\"316\" height=\"114\" src=\"https:\/\/createtemplate.es\/plantillaps\/wp-content\/uploads\/2024\/11\/logo-psicologo-2.png\" class=\"attachment-full size-full wp-image-687\" alt=\"\" srcset=\"https:\/\/createtemplate.es\/plantillaps\/wp-content\/uploads\/2024\/11\/logo-psicologo-2.png 316w, https:\/\/createtemplate.es\/plantillaps\/wp-content\/uploads\/2024\/11\/logo-psicologo-2-300x108.png 300w\" sizes=\"(max-width: 316px) 100vw, 316px\" \/>\t\t\t\t\t\t\t\t\t\t\t\t\t\t\t<\/div>\n\t\t\t\t<\/div>\n\t\t\t\t<\/div>\n\t\t<div class=\"elementor-element elementor-element-097626e e-con-full e-flex wpr-particle-no wpr-jarallax-no wpr-parallax-no wpr-sticky-section-no e-con e-child\" data-id=\"097626e\" data-element_type=\"container\">\n\t\t\t\t<div class=\"elementor-element elementor-element-3ee273e wpr-main-menu-align-left wpr-main-menu-align--tabletleft wpr-main-menu-align--mobileleft wpr-pointer-underline wpr-pointer-line-fx wpr-pointer-fx-fade wpr-sub-icon-caret-down wpr-sub-menu-fx-fade wpr-nav-menu-bp-mobile wpr-mobile-menu-full-width wpr-mobile-menu-item-align-center wpr-mobile-toggle-v1 wpr-sub-divider-yes wpr-mobile-divider-yes elementor-widget elementor-widget-wpr-nav-menu\" data-id=\"3ee273e\" data-element_type=\"widget\" data-settings=\"{&quot;menu_layout&quot;:&quot;horizontal&quot;}\" data-widget_type=\"wpr-nav-menu.default\">\n\t\t\t\t<div class=\"elementor-widget-container\">\n\t\t\t\t\t<nav class=\"wpr-nav-menu-container wpr-nav-menu-horizontal\" data-trigger=\"hover\" data-consider-header=\"\" data-scroll-speed=\"500\"><ul id=\"menu-1-3ee273e\" class=\"wpr-nav-menu\"><li class=\"menu-item menu-item-type-post_type menu-item-object-page menu-item-home menu-item-58\"><a href=\"https:\/\/createtemplate.es\/plantillaps\/\" class=\"wpr-menu-item wpr-pointer-item\">INICIO<\/a><\/li>\n<li class=\"menu-item menu-item-type-custom menu-item-object-custom menu-item-home menu-item-1015\"><a href=\"https:\/\/createtemplate.es\/plantillaps\/#coach\" class=\"wpr-menu-item wpr-pointer-item\">COACH<\/a><\/li>\n<li class=\"menu-item menu-item-type-custom menu-item-object-custom menu-item-home menu-item-has-children menu-item-1016\"><a aria-haspopup=\"true\" aria-expanded=\"false\" href=\"https:\/\/createtemplate.es\/plantillaps\/#psicologo\" class=\"wpr-menu-item wpr-pointer-item\">PSICOLOGO<i class=\"wpr-sub-icon fas\" aria-hidden=\"true\"><\/i><\/a>\n<ul class=\"sub-menu wpr-sub-menu\">\n\t<li class=\"menu-item menu-item-type-post_type menu-item-object-page menu-item-753\"><a href=\"https:\/\/createtemplate.es\/plantillaps\/terapia-individual\/\" class=\"wpr-sub-menu-item\">Terapia Individual<\/a><\/li>\n\t<li class=\"menu-item menu-item-type-post_type menu-item-object-page menu-item-1178\"><a href=\"https:\/\/createtemplate.es\/plantillaps\/terapia-de-pareja\/\" class=\"wpr-sub-menu-item\">Terapia de Pareja<\/a><\/li>\n\t<li class=\"menu-item menu-item-type-post_type menu-item-object-page menu-item-762\"><a href=\"https:\/\/createtemplate.es\/plantillaps\/terapia-familiar\/\" class=\"wpr-sub-menu-item\">Terapia Familiar<\/a><\/li>\n\t<li class=\"menu-item menu-item-type-post_type menu-item-object-page menu-item-765\"><a href=\"https:\/\/createtemplate.es\/plantillaps\/terapia-para-adolescentes\/\" class=\"wpr-sub-menu-item\">Terapia para Adolescentes<\/a><\/li>\n<\/ul>\n<\/li>\n<li class=\"menu-item menu-item-type-post_type menu-item-object-page menu-item-1002\"><a href=\"https:\/\/createtemplate.es\/plantillaps\/sobre-mi\/\" class=\"wpr-menu-item wpr-pointer-item\">SOBRE M\u00cd<\/a><\/li>\n<li class=\"menu-item menu-item-type-post_type menu-item-object-page menu-item-1104\"><a href=\"https:\/\/createtemplate.es\/plantillaps\/blog\/\" class=\"wpr-menu-item wpr-pointer-item\">BLOG<\/a><\/li>\n<li class=\"menu-item menu-item-type-custom menu-item-object-custom menu-item-home menu-item-43\"><a href=\"https:\/\/createtemplate.es\/plantillaps\/#contacto\" class=\"wpr-menu-item wpr-pointer-item\">CONTACTO<\/a><\/li>\n<li class=\"menu-item menu-item-type-post_type menu-item-object-page menu-item-1394\"><a href=\"https:\/\/createtemplate.es\/plantillaps\/home\/\" class=\"wpr-menu-item wpr-pointer-item\">Home<\/a><\/li>\n<li class=\"menu-item menu-item-type-post_type menu-item-object-page menu-item-1840\"><a href=\"https:\/\/createtemplate.es\/plantillaps\/home01\/\" class=\"wpr-menu-item wpr-pointer-item\">Home01<\/a><\/li>\n<li class=\"menu-item menu-item-type-post_type menu-item-object-page menu-item-2032\"><a href=\"https:\/\/createtemplate.es\/plantillaps\/home04\/\" class=\"wpr-menu-item wpr-pointer-item\">Home04<\/a><\/li>\n<li class=\"menu-item menu-item-type-post_type menu-item-object-page menu-item-2045\"><a href=\"https:\/\/createtemplate.es\/plantillaps\/home02\/\" class=\"wpr-menu-item wpr-pointer-item\">Home02<\/a><\/li>\n<li class=\"menu-item menu-item-type-post_type menu-item-object-page menu-item-2272\"><a href=\"https:\/\/createtemplate.es\/plantillaps\/home004\/\" class=\"wpr-menu-item wpr-pointer-item\">Home004<\/a><\/li>\n<li class=\"menu-item menu-item-type-post_type menu-item-object-page menu-item-2367\"><a href=\"https:\/\/createtemplate.es\/plantillaps\/home001\/\" class=\"wpr-menu-item wpr-pointer-item\">Home001<\/a><\/li>\n<li class=\"menu-item menu-item-type-post_type menu-item-object-page menu-item-2376\"><a href=\"https:\/\/createtemplate.es\/plantillaps\/home002\/\" class=\"wpr-menu-item wpr-pointer-item\">Home002<\/a><\/li>\n<li class=\"menu-item menu-item-type-post_type menu-item-object-page menu-item-2432\"><a href=\"https:\/\/createtemplate.es\/plantillaps\/home00\/\" class=\"wpr-menu-item wpr-pointer-item\">Home00<\/a><\/li>\n<li class=\"menu-item menu-item-type-post_type menu-item-object-page menu-item-2832\"><a href=\"https:\/\/createtemplate.es\/plantillaps\/ansiedad\/\" class=\"wpr-menu-item wpr-pointer-item\">ansiedad<\/a><\/li>\n<li class=\"menu-item menu-item-type-post_type menu-item-object-page menu-item-2917\"><a href=\"https:\/\/createtemplate.es\/plantillaps\/ansiedad00\/\" class=\"wpr-menu-item wpr-pointer-item\">ansiedad00<\/a><\/li>\n<li class=\"menu-item menu-item-type-post_type menu-item-object-page menu-item-2992\"><a href=\"https:\/\/createtemplate.es\/plantillaps\/modelo\/\" class=\"wpr-menu-item wpr-pointer-item\">modelo<\/a><\/li>\n<li class=\"menu-item menu-item-type-post_type menu-item-object-page menu-item-3134\"><a href=\"https:\/\/createtemplate.es\/plantillaps\/sobremivirg\/\" class=\"wpr-menu-item wpr-pointer-item\">sobremivirg<\/a><\/li>\n<li class=\"menu-item menu-item-type-post_type menu-item-object-page menu-item-3192\"><a href=\"https:\/\/createtemplate.es\/plantillaps\/modelo01\/\" class=\"wpr-menu-item wpr-pointer-item\">modelo01<\/a><\/li>\n<li class=\"menu-item menu-item-type-post_type menu-item-object-page menu-item-3315\"><a href=\"https:\/\/createtemplate.es\/plantillaps\/modelo02\/\" class=\"wpr-menu-item wpr-pointer-item\">modelo02<\/a><\/li>\n<li class=\"menu-item menu-item-type-post_type menu-item-object-page menu-item-3356\"><a href=\"https:\/\/createtemplate.es\/plantillaps\/modelo-03\/\" class=\"wpr-menu-item wpr-pointer-item\">modelo 03<\/a><\/li>\n<\/ul><\/nav><nav class=\"wpr-mobile-nav-menu-container\"><div class=\"wpr-mobile-toggle-wrap\"><div class=\"wpr-mobile-toggle\"><span class=\"wpr-mobile-toggle-line\"><\/span><span class=\"wpr-mobile-toggle-line\"><\/span><span class=\"wpr-mobile-toggle-line\"><\/span><\/div><\/div><ul id=\"mobile-menu-2-3ee273e\" class=\"wpr-mobile-nav-menu\"><li class=\"menu-item menu-item-type-post_type menu-item-object-page menu-item-home menu-item-58\"><a href=\"https:\/\/createtemplate.es\/plantillaps\/\" class=\"wpr-mobile-menu-item\">INICIO<\/a><\/li>\n<li class=\"menu-item menu-item-type-custom menu-item-object-custom menu-item-home menu-item-1015\"><a href=\"https:\/\/createtemplate.es\/plantillaps\/#coach\" class=\"wpr-mobile-menu-item\">COACH<\/a><\/li>\n<li class=\"menu-item menu-item-type-custom menu-item-object-custom menu-item-home menu-item-has-children menu-item-1016\"><a href=\"https:\/\/createtemplate.es\/plantillaps\/#psicologo\" class=\"wpr-mobile-menu-item\">PSICOLOGO<\/a>\n<ul class=\"sub-menu wpr-sub-menu\">\n\t<li class=\"menu-item menu-item-type-post_type menu-item-object-page menu-item-753\"><a href=\"https:\/\/createtemplate.es\/plantillaps\/terapia-individual\/\" class=\"wpr-mobile-sub-menu-item\">Terapia Individual<\/a><\/li>\n\t<li class=\"menu-item menu-item-type-post_type menu-item-object-page menu-item-1178\"><a href=\"https:\/\/createtemplate.es\/plantillaps\/terapia-de-pareja\/\" class=\"wpr-mobile-sub-menu-item\">Terapia de Pareja<\/a><\/li>\n\t<li class=\"menu-item menu-item-type-post_type menu-item-object-page menu-item-762\"><a href=\"https:\/\/createtemplate.es\/plantillaps\/terapia-familiar\/\" class=\"wpr-mobile-sub-menu-item\">Terapia Familiar<\/a><\/li>\n\t<li class=\"menu-item menu-item-type-post_type menu-item-object-page menu-item-765\"><a href=\"https:\/\/createtemplate.es\/plantillaps\/terapia-para-adolescentes\/\" class=\"wpr-mobile-sub-menu-item\">Terapia para Adolescentes<\/a><\/li>\n<\/ul>\n<\/li>\n<li class=\"menu-item menu-item-type-post_type menu-item-object-page menu-item-1002\"><a href=\"https:\/\/createtemplate.es\/plantillaps\/sobre-mi\/\" class=\"wpr-mobile-menu-item\">SOBRE M\u00cd<\/a><\/li>\n<li class=\"menu-item menu-item-type-post_type menu-item-object-page menu-item-1104\"><a href=\"https:\/\/createtemplate.es\/plantillaps\/blog\/\" class=\"wpr-mobile-menu-item\">BLOG<\/a><\/li>\n<li class=\"menu-item menu-item-type-custom menu-item-object-custom menu-item-home menu-item-43\"><a href=\"https:\/\/createtemplate.es\/plantillaps\/#contacto\" class=\"wpr-mobile-menu-item\">CONTACTO<\/a><\/li>\n<li class=\"menu-item menu-item-type-post_type menu-item-object-page menu-item-1394\"><a href=\"https:\/\/createtemplate.es\/plantillaps\/home\/\" class=\"wpr-mobile-menu-item\">Home<\/a><\/li>\n<li class=\"menu-item menu-item-type-post_type menu-item-object-page menu-item-1840\"><a href=\"https:\/\/createtemplate.es\/plantillaps\/home01\/\" class=\"wpr-mobile-menu-item\">Home01<\/a><\/li>\n<li class=\"menu-item menu-item-type-post_type menu-item-object-page menu-item-2032\"><a href=\"https:\/\/createtemplate.es\/plantillaps\/home04\/\" class=\"wpr-mobile-menu-item\">Home04<\/a><\/li>\n<li class=\"menu-item menu-item-type-post_type menu-item-object-page menu-item-2045\"><a href=\"https:\/\/createtemplate.es\/plantillaps\/home02\/\" class=\"wpr-mobile-menu-item\">Home02<\/a><\/li>\n<li class=\"menu-item menu-item-type-post_type menu-item-object-page menu-item-2272\"><a href=\"https:\/\/createtemplate.es\/plantillaps\/home004\/\" class=\"wpr-mobile-menu-item\">Home004<\/a><\/li>\n<li class=\"menu-item menu-item-type-post_type menu-item-object-page menu-item-2367\"><a href=\"https:\/\/createtemplate.es\/plantillaps\/home001\/\" class=\"wpr-mobile-menu-item\">Home001<\/a><\/li>\n<li class=\"menu-item menu-item-type-post_type menu-item-object-page menu-item-2376\"><a href=\"https:\/\/createtemplate.es\/plantillaps\/home002\/\" class=\"wpr-mobile-menu-item\">Home002<\/a><\/li>\n<li class=\"menu-item menu-item-type-post_type menu-item-object-page menu-item-2432\"><a href=\"https:\/\/createtemplate.es\/plantillaps\/home00\/\" class=\"wpr-mobile-menu-item\">Home00<\/a><\/li>\n<li class=\"menu-item menu-item-type-post_type menu-item-object-page menu-item-2832\"><a href=\"https:\/\/createtemplate.es\/plantillaps\/ansiedad\/\" class=\"wpr-mobile-menu-item\">ansiedad<\/a><\/li>\n<li class=\"menu-item menu-item-type-post_type menu-item-object-page menu-item-2917\"><a href=\"https:\/\/createtemplate.es\/plantillaps\/ansiedad00\/\" class=\"wpr-mobile-menu-item\">ansiedad00<\/a><\/li>\n<li class=\"menu-item menu-item-type-post_type menu-item-object-page menu-item-2992\"><a href=\"https:\/\/createtemplate.es\/plantillaps\/modelo\/\" class=\"wpr-mobile-menu-item\">modelo<\/a><\/li>\n<li class=\"menu-item menu-item-type-post_type menu-item-object-page menu-item-3134\"><a href=\"https:\/\/createtemplate.es\/plantillaps\/sobremivirg\/\" class=\"wpr-mobile-menu-item\">sobremivirg<\/a><\/li>\n<li class=\"menu-item menu-item-type-post_type menu-item-object-page menu-item-3192\"><a href=\"https:\/\/createtemplate.es\/plantillaps\/modelo01\/\" class=\"wpr-mobile-menu-item\">modelo01<\/a><\/li>\n<li class=\"menu-item menu-item-type-post_type menu-item-object-page menu-item-3315\"><a href=\"https:\/\/createtemplate.es\/plantillaps\/modelo02\/\" class=\"wpr-mobile-menu-item\">modelo02<\/a><\/li>\n<li class=\"menu-item menu-item-type-post_type menu-item-object-page menu-item-3356\"><a href=\"https:\/\/createtemplate.es\/plantillaps\/modelo-03\/\" class=\"wpr-mobile-menu-item\">modelo 03<\/a><\/li>\n<\/ul><\/nav>\t\t\t\t<\/div>\n\t\t\t\t<\/div>\n\t\t\t\t<\/div>\n\t\t\t\t\t<\/div>\n\t\t\t\t<\/div>\n\t\t<div class=\"elementor-element elementor-element-f89ee0f e-flex e-con-boxed wpr-particle-no wpr-jarallax-no wpr-parallax-no wpr-sticky-section-no e-con e-parent\" data-id=\"f89ee0f\" data-element_type=\"container\" data-settings=\"{&quot;background_background&quot;:&quot;classic&quot;}\">\n\t\t\t\t\t<div class=\"e-con-inner\">\n\t\t<div class=\"elementor-element elementor-element-a649c34 e-con-full e-flex wpr-particle-no wpr-jarallax-no wpr-parallax-no wpr-sticky-section-no e-con e-child\" data-id=\"a649c34\" data-element_type=\"container\">\n\t\t\t\t<div class=\"elementor-element elementor-element-4355d63 elementor-widget elementor-widget-text-editor\" data-id=\"4355d63\" data-element_type=\"widget\" data-widget_type=\"text-editor.default\">\n\t\t\t\t<div class=\"elementor-widget-container\">\n\t\t\t\t\t\t\t\t\t<p data-sourcepos=\"5:1-5:8\">\u00a0<\/p>\n<p data-sourcepos=\"5:1-5:8\">\u00a1Hola! Soy\u00a0 <strong>Marc Garcia<\/strong>, psic\u00f3logo cl\u00ednico con\u00a0\u00a0<strong>m\u00e1s de 15\u00a0<\/strong>\u00a0a\u00f1os de experiencia ayudando a personas a alcanzar sus objetivos y vivir una vida m\u00e1s plena y significativa. Creo que la salud mental es fundamental para el bienestar general y que la terapia puede ser una herramienta poderosa para afrontar desaf\u00edos, superar traumas y construir una vida m\u00e1s aut\u00e9ntica y feliz.<\/p>\n<p data-sourcepos=\"7:1-7:32\"><strong>Mi filosof\u00eda de trabajo:<\/strong><\/p>\n<ul data-sourcepos=\"9:1-9:49\">\n<li data-sourcepos=\"10:1-10:130\"><strong>Escucha activa y empat\u00eda:<\/strong>\u00a0\u00a0crear\u00e9 un espacio seguro y acogedor para que te expreses libremente y seas escuchado sin juzgar.<\/li>\n<li data-sourcepos=\"11:1-11:177\"><strong>Colaboraci\u00f3n:<\/strong>\u00a0\u00a0trabajaremos juntos para identificar los patrones y comportamientos que le impiden alcanzar sus objetivos y desarrollar estrategias para superarlos.<\/li>\n<li data-sourcepos=\"12:1-12:20\"><strong>Conc\u00e9ntrate en el presente y el futuro:<\/strong>\u00a0\u00a0la terapia no se trata s\u00f3lo de reexaminar el pasado, sino de ayudarte a construir un futuro m\u00e1s positivo y prometedor.<\/li>\n<\/ul>\t\t\t\t\t\t\t\t<\/div>\n\t\t\t\t<\/div>\n\t\t\t\t<div class=\"elementor-element elementor-element-cc8adc5 elementor-widget-divider--view-line_text elementor-widget-divider--element-align-left elementor-widget elementor-widget-divider\" data-id=\"cc8adc5\" data-element_type=\"widget\" data-widget_type=\"divider.default\">\n\t\t\t\t<div class=\"elementor-widget-container\">\n\t\t\t\t\t\t\t<div class=\"elementor-divider\">\n\t\t\t<span class=\"elementor-divider-separator\">\n\t\t\t\t\t\t\t<span class=\"elementor-divider__text elementor-divider__element\">\n\t\t\t\tQUI\u00c9N SOY\t\t\t\t<\/span>\n\t\t\t\t\t\t<\/span>\n\t\t<\/div>\n\t\t\t\t\t\t<\/div>\n\t\t\t\t<\/div>\n\t\t\t\t<\/div>\n\t\t<div class=\"elementor-element elementor-element-b80bda6 e-con-full e-flex wpr-particle-no wpr-jarallax-no wpr-parallax-no wpr-sticky-section-no e-con e-child\" data-id=\"b80bda6\" data-element_type=\"container\">\n\t\t\t\t<div class=\"elementor-element elementor-element-81f2273 elementor-widget elementor-widget-image\" data-id=\"81f2273\" data-element_type=\"widget\" data-widget_type=\"image.default\">\n\t\t\t\t<div class=\"elementor-widget-container\">\n\t\t\t\t\t\t\t\t\t\t\t\t\t\t\t<img fetchpriority=\"high\" decoding=\"async\" width=\"800\" height=\"800\" src=\"https:\/\/createtemplate.es\/plantillaps\/wp-content\/uploads\/2024\/11\/sobre-mi-foto.png\" class=\"attachment-full size-full wp-image-992\" alt=\"\" srcset=\"https:\/\/createtemplate.es\/plantillaps\/wp-content\/uploads\/2024\/11\/sobre-mi-foto.png 800w, https:\/\/createtemplate.es\/plantillaps\/wp-content\/uploads\/2024\/11\/sobre-mi-foto-300x300.png 300w, https:\/\/createtemplate.es\/plantillaps\/wp-content\/uploads\/2024\/11\/sobre-mi-foto-150x150.png 150w, https:\/\/createtemplate.es\/plantillaps\/wp-content\/uploads\/2024\/11\/sobre-mi-foto-768x768.png 768w, https:\/\/createtemplate.es\/plantillaps\/wp-content\/uploads\/2024\/11\/sobre-mi-foto-600x600.png 600w\" sizes=\"(max-width: 800px) 100vw, 800px\" \/>\t\t\t\t\t\t\t\t\t\t\t\t\t\t\t<\/div>\n\t\t\t\t<\/div>\n\t\t\t\t<\/div>\n\t\t\t\t\t<\/div>\n\t\t\t\t<\/div>\n\t\t\t\t<\/div>\n\t\t","protected":false},"excerpt":{"rendered":"<p>INICIO SOBRE M\u00cd TERAPIA Terapia Individual Terapia de Pareja Terapia Familiar Terapia para Adolescentes BLOG CONTACTO INICIO SOBRE M\u00cd TERAPIA Terapia Individual Terapia de Pareja Terapia Familiar Terapia para Adolescentes BLOG CONTACTO \u00a0 \u00a1Hola! Soy\u00a0 Marc Garcia, psic\u00f3logo cl\u00ednico con\u00a0\u00a0m\u00e1s de 15\u00a0\u00a0a\u00f1os de experiencia ayudando a personas a alcanzar sus objetivos y vivir una vida m\u00e1s plena y significativa. Creo que la salud mental es fundamental para el bienestar general y que la terapia puede ser una herramienta poderosa para afrontar desaf\u00edos, superar traumas y construir una vida m\u00e1s aut\u00e9ntica y feliz. Mi filosof\u00eda de trabajo: Escucha activa y empat\u00eda:\u00a0\u00a0crear\u00e9 un espacio seguro y acogedor para que te expreses libremente y seas escuchado sin juzgar. Colaboraci\u00f3n:\u00a0\u00a0trabajaremos juntos para identificar los patrones y comportamientos que le impiden alcanzar sus objetivos y desarrollar estrategias para superarlos. Conc\u00e9ntrate en el presente y el futuro:\u00a0\u00a0la terapia no se trata s\u00f3lo de reexaminar el pasado, sino de ayudarte a construir un futuro m\u00e1s positivo y prometedor. QUI\u00c9N SOY<\/p>\n","protected":false},"author":1,"featured_media":0,"parent":0,"menu_order":0,"comment_status":"closed","ping_status":"open","template":"","meta":{"ocean_post_layout":"full-screen","ocean_both_sidebars_style":"","ocean_both_sidebars_content_width":0,"ocean_both_sidebars_sidebars_width":0,"ocean_sidebar":"","ocean_second_sidebar":"","ocean_disable_margins":"on","ocean_add_body_class":"","ocean_shortcode_before_top_bar":"","ocean_shortcode_after_top_bar":"","ocean_shortcode_before_header":"","ocean_shortcode_after_header":"","ocean_has_shortcode":"","ocean_shortcode_after_title":"","ocean_shortcode_before_footer_widgets":"","ocean_shortcode_after_footer_widgets":"","ocean_shortcode_before_footer_bottom":"","ocean_shortcode_after_footer_bottom":"","ocean_display_top_bar":"off","ocean_display_header":"off","ocean_header_style":"","ocean_center_header_left_menu":"","ocean_custom_header_template":"","ocean_custom_logo":0,"ocean_custom_retina_logo":0,"ocean_custom_logo_max_width":0,"ocean_custom_logo_tablet_max_width":0,"ocean_custom_logo_mobile_max_width":0,"ocean_custom_logo_max_height":0,"ocean_custom_logo_tablet_max_height":0,"ocean_custom_logo_mobile_max_height":0,"ocean_header_custom_menu":"","ocean_menu_typo_font_family":"","ocean_menu_typo_font_subset":"","ocean_menu_typo_font_size":0,"ocean_menu_typo_font_size_tablet":0,"ocean_menu_typo_font_size_mobile":0,"ocean_menu_typo_font_size_unit":"px","ocean_menu_typo_font_weight":"","ocean_menu_typo_font_weight_tablet":"","ocean_menu_typo_font_weight_mobile":"","ocean_menu_typo_transform":"","ocean_menu_typo_transform_tablet":"","ocean_menu_typo_transform_mobile":"","ocean_menu_typo_line_height":0,"ocean_menu_typo_line_height_tablet":0,"ocean_menu_typo_line_height_mobile":0,"ocean_menu_typo_line_height_unit":"","ocean_menu_typo_spacing":0,"ocean_menu_typo_spacing_tablet":0,"ocean_menu_typo_spacing_mobile":0,"ocean_menu_typo_spacing_unit":"","ocean_menu_link_color":"","ocean_menu_link_color_hover":"","ocean_menu_link_color_active":"","ocean_menu_link_background":"","ocean_menu_link_hover_background":"","ocean_menu_link_active_background":"","ocean_menu_social_links_bg":"","ocean_menu_social_hover_links_bg":"","ocean_menu_social_links_color":"","ocean_menu_social_hover_links_color":"","ocean_disable_title":"on","ocean_disable_heading":"default","ocean_post_title":"","ocean_post_subheading":"","ocean_post_title_style":"","ocean_post_title_background_color":"","ocean_post_title_background":0,"ocean_post_title_bg_image_position":"","ocean_post_title_bg_image_attachment":"","ocean_post_title_bg_image_repeat":"","ocean_post_title_bg_image_size":"","ocean_post_title_height":0,"ocean_post_title_bg_overlay":0.5,"ocean_post_title_bg_overlay_color":"","ocean_disable_breadcrumbs":"off","ocean_breadcrumbs_color":"","ocean_breadcrumbs_separator_color":"","ocean_breadcrumbs_links_color":"","ocean_breadcrumbs_links_hover_color":"","ocean_display_footer_widgets":"off","ocean_display_footer_bottom":"off","ocean_custom_footer_template":"","footnotes":""},"class_list":["post-964","page","type-page","status-publish","hentry","entry"],"_links":{"self":[{"href":"https:\/\/createtemplate.es\/plantillaps\/wp-json\/wp\/v2\/pages\/964","targetHints":{"allow":["GET"]}}],"collection":[{"href":"https:\/\/createtemplate.es\/plantillaps\/wp-json\/wp\/v2\/pages"}],"about":[{"href":"https:\/\/createtemplate.es\/plantillaps\/wp-json\/wp\/v2\/types\/page"}],"author":[{"embeddable":true,"href":"https:\/\/createtemplate.es\/plantillaps\/wp-json\/wp\/v2\/users\/1"}],"replies":[{"embeddable":true,"href":"https:\/\/createtemplate.es\/plantillaps\/wp-json\/wp\/v2\/comments?post=964"}],"version-history":[{"count":32,"href":"https:\/\/createtemplate.es\/plantillaps\/wp-json\/wp\/v2\/pages\/964\/revisions"}],"predecessor-version":[{"id":1011,"href":"https:\/\/createtemplate.es\/plantillaps\/wp-json\/wp\/v2\/pages\/964\/revisions\/1011"}],"wp:attachment":[{"href":"https:\/\/createtemplate.es\/plantillaps\/wp-json\/wp\/v2\/media?parent=964"}],"curies":[{"name":"wp","href":"https:\/\/api.w.org\/{rel}","templated":true}]}}