{"id":752,"date":"2024-11-16T21:58:36","date_gmt":"2024-11-16T20:58:36","guid":{"rendered":"https:\/\/createtemplate.es\/plantillaps\/?page_id=752"},"modified":"2024-11-17T18:09:21","modified_gmt":"2024-11-17T17:09:21","slug":"terapia-individual","status":"publish","type":"page","link":"https:\/\/createtemplate.es\/plantillaps\/terapia-individual\/","title":{"rendered":"Terapia Individual"},"content":{"rendered":"\t\t<div data-elementor-type=\"wp-page\" data-elementor-id=\"752\" class=\"elementor elementor-752\">\n\t\t\t\t<div class=\"elementor-element elementor-element-c557daf e-flex e-con-boxed wpr-particle-no wpr-jarallax-no wpr-parallax-no wpr-sticky-section-no e-con e-parent\" data-id=\"c557daf\" data-element_type=\"container\" data-settings=\"{&quot;background_background&quot;:&quot;classic&quot;}\">\n\t\t\t\t\t<div class=\"e-con-inner\">\n\t\t\t\t<div class=\"elementor-element elementor-element-5a35616 wpr-main-menu-align-left wpr-main-menu-align--tabletleft wpr-main-menu-align--mobileleft wpr-pointer-underline wpr-pointer-line-fx wpr-pointer-fx-fade wpr-sub-icon-caret-down wpr-sub-menu-fx-fade wpr-nav-menu-bp-mobile wpr-mobile-menu-full-width wpr-mobile-menu-item-align-center wpr-mobile-toggle-v1 wpr-sub-divider-yes wpr-mobile-divider-yes elementor-widget elementor-widget-wpr-nav-menu\" data-id=\"5a35616\" data-element_type=\"widget\" data-settings=\"{&quot;menu_layout&quot;:&quot;horizontal&quot;}\" data-widget_type=\"wpr-nav-menu.default\">\n\t\t\t\t<div class=\"elementor-widget-container\">\n\t\t\t\t\t<nav class=\"wpr-nav-menu-container wpr-nav-menu-horizontal\" data-trigger=\"hover\" data-consider-header=\"\" data-scroll-speed=\"500\"><ul id=\"menu-1-5a35616\" class=\"wpr-nav-menu\"><li class=\"menu-item menu-item-type-post_type menu-item-object-page menu-item-home menu-item-58\"><a href=\"https:\/\/createtemplate.es\/plantillaps\/\" class=\"wpr-menu-item wpr-pointer-item\">INICIO<\/a><\/li>\n<li class=\"menu-item menu-item-type-custom menu-item-object-custom menu-item-home menu-item-1015\"><a href=\"https:\/\/createtemplate.es\/plantillaps\/#coach\" class=\"wpr-menu-item wpr-pointer-item\">COACH<\/a><\/li>\n<li class=\"menu-item menu-item-type-custom menu-item-object-custom menu-item-home menu-item-has-children menu-item-1016\"><a aria-haspopup=\"true\" aria-expanded=\"false\" href=\"https:\/\/createtemplate.es\/plantillaps\/#psicologo\" class=\"wpr-menu-item wpr-pointer-item\">PSICOLOGO<i class=\"wpr-sub-icon fas\" aria-hidden=\"true\"><\/i><\/a>\n<ul class=\"sub-menu wpr-sub-menu\">\n\t<li class=\"menu-item menu-item-type-post_type menu-item-object-page menu-item-753\"><a href=\"https:\/\/createtemplate.es\/plantillaps\/terapia-individual\/\" class=\"wpr-sub-menu-item\">Terapia Individual<\/a><\/li>\n\t<li class=\"menu-item menu-item-type-post_type menu-item-object-page menu-item-1178\"><a href=\"https:\/\/createtemplate.es\/plantillaps\/terapia-de-pareja\/\" class=\"wpr-sub-menu-item\">Terapia de Pareja<\/a><\/li>\n\t<li class=\"menu-item menu-item-type-post_type menu-item-object-page menu-item-762\"><a href=\"https:\/\/createtemplate.es\/plantillaps\/terapia-familiar\/\" class=\"wpr-sub-menu-item\">Terapia Familiar<\/a><\/li>\n\t<li class=\"menu-item menu-item-type-post_type menu-item-object-page menu-item-765\"><a href=\"https:\/\/createtemplate.es\/plantillaps\/terapia-para-adolescentes\/\" class=\"wpr-sub-menu-item\">Terapia para Adolescentes<\/a><\/li>\n<\/ul>\n<\/li>\n<li class=\"menu-item menu-item-type-post_type menu-item-object-page menu-item-1002\"><a href=\"https:\/\/createtemplate.es\/plantillaps\/sobre-mi\/\" class=\"wpr-menu-item wpr-pointer-item\">SOBRE M\u00cd<\/a><\/li>\n<li class=\"menu-item menu-item-type-post_type menu-item-object-page menu-item-1104\"><a href=\"https:\/\/createtemplate.es\/plantillaps\/blog\/\" class=\"wpr-menu-item wpr-pointer-item\">BLOG<\/a><\/li>\n<li class=\"menu-item menu-item-type-custom menu-item-object-custom menu-item-home menu-item-43\"><a href=\"https:\/\/createtemplate.es\/plantillaps\/#contacto\" class=\"wpr-menu-item wpr-pointer-item\">CONTACTO<\/a><\/li>\n<li class=\"menu-item menu-item-type-post_type menu-item-object-page menu-item-1394\"><a href=\"https:\/\/createtemplate.es\/plantillaps\/home\/\" class=\"wpr-menu-item wpr-pointer-item\">Home<\/a><\/li>\n<li class=\"menu-item menu-item-type-post_type menu-item-object-page menu-item-1840\"><a href=\"https:\/\/createtemplate.es\/plantillaps\/home01\/\" class=\"wpr-menu-item wpr-pointer-item\">Home01<\/a><\/li>\n<li class=\"menu-item menu-item-type-post_type menu-item-object-page menu-item-2032\"><a href=\"https:\/\/createtemplate.es\/plantillaps\/home04\/\" class=\"wpr-menu-item wpr-pointer-item\">Home04<\/a><\/li>\n<li class=\"menu-item menu-item-type-post_type menu-item-object-page menu-item-2045\"><a href=\"https:\/\/createtemplate.es\/plantillaps\/home02\/\" class=\"wpr-menu-item wpr-pointer-item\">Home02<\/a><\/li>\n<li class=\"menu-item menu-item-type-post_type menu-item-object-page menu-item-2272\"><a href=\"https:\/\/createtemplate.es\/plantillaps\/home004\/\" class=\"wpr-menu-item wpr-pointer-item\">Home004<\/a><\/li>\n<li class=\"menu-item menu-item-type-post_type menu-item-object-page menu-item-2367\"><a href=\"https:\/\/createtemplate.es\/plantillaps\/home001\/\" class=\"wpr-menu-item wpr-pointer-item\">Home001<\/a><\/li>\n<li class=\"menu-item menu-item-type-post_type menu-item-object-page menu-item-2376\"><a href=\"https:\/\/createtemplate.es\/plantillaps\/home002\/\" class=\"wpr-menu-item wpr-pointer-item\">Home002<\/a><\/li>\n<li class=\"menu-item menu-item-type-post_type menu-item-object-page menu-item-2432\"><a href=\"https:\/\/createtemplate.es\/plantillaps\/home00\/\" class=\"wpr-menu-item wpr-pointer-item\">Home00<\/a><\/li>\n<li class=\"menu-item menu-item-type-post_type menu-item-object-page menu-item-2832\"><a href=\"https:\/\/createtemplate.es\/plantillaps\/ansiedad\/\" class=\"wpr-menu-item wpr-pointer-item\">ansiedad<\/a><\/li>\n<li class=\"menu-item menu-item-type-post_type menu-item-object-page menu-item-2917\"><a href=\"https:\/\/createtemplate.es\/plantillaps\/ansiedad00\/\" class=\"wpr-menu-item wpr-pointer-item\">ansiedad00<\/a><\/li>\n<li class=\"menu-item menu-item-type-post_type menu-item-object-page menu-item-2992\"><a href=\"https:\/\/createtemplate.es\/plantillaps\/modelo\/\" class=\"wpr-menu-item wpr-pointer-item\">modelo<\/a><\/li>\n<li class=\"menu-item menu-item-type-post_type menu-item-object-page menu-item-3134\"><a href=\"https:\/\/createtemplate.es\/plantillaps\/sobremivirg\/\" class=\"wpr-menu-item wpr-pointer-item\">sobremivirg<\/a><\/li>\n<li class=\"menu-item menu-item-type-post_type menu-item-object-page menu-item-3192\"><a href=\"https:\/\/createtemplate.es\/plantillaps\/modelo01\/\" class=\"wpr-menu-item wpr-pointer-item\">modelo01<\/a><\/li>\n<li class=\"menu-item menu-item-type-post_type menu-item-object-page menu-item-3315\"><a href=\"https:\/\/createtemplate.es\/plantillaps\/modelo02\/\" class=\"wpr-menu-item wpr-pointer-item\">modelo02<\/a><\/li>\n<li class=\"menu-item menu-item-type-post_type menu-item-object-page menu-item-3356\"><a href=\"https:\/\/createtemplate.es\/plantillaps\/modelo-03\/\" class=\"wpr-menu-item wpr-pointer-item\">modelo 03<\/a><\/li>\n<\/ul><\/nav><nav class=\"wpr-mobile-nav-menu-container\"><div class=\"wpr-mobile-toggle-wrap\"><div class=\"wpr-mobile-toggle\"><span class=\"wpr-mobile-toggle-line\"><\/span><span class=\"wpr-mobile-toggle-line\"><\/span><span class=\"wpr-mobile-toggle-line\"><\/span><\/div><\/div><ul id=\"mobile-menu-2-5a35616\" class=\"wpr-mobile-nav-menu\"><li class=\"menu-item menu-item-type-post_type menu-item-object-page menu-item-home menu-item-58\"><a href=\"https:\/\/createtemplate.es\/plantillaps\/\" class=\"wpr-mobile-menu-item\">INICIO<\/a><\/li>\n<li class=\"menu-item menu-item-type-custom menu-item-object-custom menu-item-home menu-item-1015\"><a href=\"https:\/\/createtemplate.es\/plantillaps\/#coach\" class=\"wpr-mobile-menu-item\">COACH<\/a><\/li>\n<li class=\"menu-item menu-item-type-custom menu-item-object-custom menu-item-home menu-item-has-children menu-item-1016\"><a href=\"https:\/\/createtemplate.es\/plantillaps\/#psicologo\" class=\"wpr-mobile-menu-item\">PSICOLOGO<\/a>\n<ul class=\"sub-menu wpr-sub-menu\">\n\t<li class=\"menu-item menu-item-type-post_type menu-item-object-page menu-item-753\"><a href=\"https:\/\/createtemplate.es\/plantillaps\/terapia-individual\/\" class=\"wpr-mobile-sub-menu-item\">Terapia Individual<\/a><\/li>\n\t<li class=\"menu-item menu-item-type-post_type menu-item-object-page menu-item-1178\"><a href=\"https:\/\/createtemplate.es\/plantillaps\/terapia-de-pareja\/\" class=\"wpr-mobile-sub-menu-item\">Terapia de Pareja<\/a><\/li>\n\t<li class=\"menu-item menu-item-type-post_type menu-item-object-page menu-item-762\"><a href=\"https:\/\/createtemplate.es\/plantillaps\/terapia-familiar\/\" class=\"wpr-mobile-sub-menu-item\">Terapia Familiar<\/a><\/li>\n\t<li class=\"menu-item menu-item-type-post_type menu-item-object-page menu-item-765\"><a href=\"https:\/\/createtemplate.es\/plantillaps\/terapia-para-adolescentes\/\" class=\"wpr-mobile-sub-menu-item\">Terapia para Adolescentes<\/a><\/li>\n<\/ul>\n<\/li>\n<li class=\"menu-item menu-item-type-post_type menu-item-object-page menu-item-1002\"><a href=\"https:\/\/createtemplate.es\/plantillaps\/sobre-mi\/\" class=\"wpr-mobile-menu-item\">SOBRE M\u00cd<\/a><\/li>\n<li class=\"menu-item menu-item-type-post_type menu-item-object-page menu-item-1104\"><a href=\"https:\/\/createtemplate.es\/plantillaps\/blog\/\" class=\"wpr-mobile-menu-item\">BLOG<\/a><\/li>\n<li class=\"menu-item menu-item-type-custom menu-item-object-custom menu-item-home menu-item-43\"><a href=\"https:\/\/createtemplate.es\/plantillaps\/#contacto\" class=\"wpr-mobile-menu-item\">CONTACTO<\/a><\/li>\n<li class=\"menu-item menu-item-type-post_type menu-item-object-page menu-item-1394\"><a href=\"https:\/\/createtemplate.es\/plantillaps\/home\/\" class=\"wpr-mobile-menu-item\">Home<\/a><\/li>\n<li class=\"menu-item menu-item-type-post_type menu-item-object-page menu-item-1840\"><a href=\"https:\/\/createtemplate.es\/plantillaps\/home01\/\" class=\"wpr-mobile-menu-item\">Home01<\/a><\/li>\n<li class=\"menu-item menu-item-type-post_type menu-item-object-page menu-item-2032\"><a href=\"https:\/\/createtemplate.es\/plantillaps\/home04\/\" class=\"wpr-mobile-menu-item\">Home04<\/a><\/li>\n<li class=\"menu-item menu-item-type-post_type menu-item-object-page menu-item-2045\"><a href=\"https:\/\/createtemplate.es\/plantillaps\/home02\/\" class=\"wpr-mobile-menu-item\">Home02<\/a><\/li>\n<li class=\"menu-item menu-item-type-post_type menu-item-object-page menu-item-2272\"><a href=\"https:\/\/createtemplate.es\/plantillaps\/home004\/\" class=\"wpr-mobile-menu-item\">Home004<\/a><\/li>\n<li class=\"menu-item menu-item-type-post_type menu-item-object-page menu-item-2367\"><a href=\"https:\/\/createtemplate.es\/plantillaps\/home001\/\" class=\"wpr-mobile-menu-item\">Home001<\/a><\/li>\n<li class=\"menu-item menu-item-type-post_type menu-item-object-page menu-item-2376\"><a href=\"https:\/\/createtemplate.es\/plantillaps\/home002\/\" class=\"wpr-mobile-menu-item\">Home002<\/a><\/li>\n<li class=\"menu-item menu-item-type-post_type menu-item-object-page menu-item-2432\"><a href=\"https:\/\/createtemplate.es\/plantillaps\/home00\/\" class=\"wpr-mobile-menu-item\">Home00<\/a><\/li>\n<li class=\"menu-item menu-item-type-post_type menu-item-object-page menu-item-2832\"><a href=\"https:\/\/createtemplate.es\/plantillaps\/ansiedad\/\" class=\"wpr-mobile-menu-item\">ansiedad<\/a><\/li>\n<li class=\"menu-item menu-item-type-post_type menu-item-object-page menu-item-2917\"><a href=\"https:\/\/createtemplate.es\/plantillaps\/ansiedad00\/\" class=\"wpr-mobile-menu-item\">ansiedad00<\/a><\/li>\n<li class=\"menu-item menu-item-type-post_type menu-item-object-page menu-item-2992\"><a href=\"https:\/\/createtemplate.es\/plantillaps\/modelo\/\" class=\"wpr-mobile-menu-item\">modelo<\/a><\/li>\n<li class=\"menu-item menu-item-type-post_type menu-item-object-page menu-item-3134\"><a href=\"https:\/\/createtemplate.es\/plantillaps\/sobremivirg\/\" class=\"wpr-mobile-menu-item\">sobremivirg<\/a><\/li>\n<li class=\"menu-item menu-item-type-post_type menu-item-object-page menu-item-3192\"><a href=\"https:\/\/createtemplate.es\/plantillaps\/modelo01\/\" class=\"wpr-mobile-menu-item\">modelo01<\/a><\/li>\n<li class=\"menu-item menu-item-type-post_type menu-item-object-page menu-item-3315\"><a href=\"https:\/\/createtemplate.es\/plantillaps\/modelo02\/\" class=\"wpr-mobile-menu-item\">modelo02<\/a><\/li>\n<li class=\"menu-item menu-item-type-post_type menu-item-object-page menu-item-3356\"><a href=\"https:\/\/createtemplate.es\/plantillaps\/modelo-03\/\" class=\"wpr-mobile-menu-item\">modelo 03<\/a><\/li>\n<\/ul><\/nav>\t\t\t\t<\/div>\n\t\t\t\t<\/div>\n\t\t\t\t\t<\/div>\n\t\t\t\t<\/div>\n\t\t<div class=\"elementor-element elementor-element-6f95ee16 e-flex e-con-boxed wpr-particle-no wpr-jarallax-no wpr-parallax-no wpr-sticky-section-no e-con e-parent\" data-id=\"6f95ee16\" data-element_type=\"container\">\n\t\t\t\t\t<div class=\"e-con-inner\">\n\t\t\t\t<div class=\"elementor-element elementor-element-3f734885 elementor-widget elementor-widget-text-editor\" data-id=\"3f734885\" data-element_type=\"widget\" data-widget_type=\"text-editor.default\">\n\t\t\t\t<div class=\"elementor-widget-container\">\n\t\t\t\t\t\t\t\t\t\n<p>Esta es una p\u00e1gina de ejemplo. Es diferente a una entrada del blog porque permanecer\u00e1 en un solo lugar y aparecer\u00e1 en la navegaci\u00f3n de tu sitio (en la mayor\u00eda de los temas). La mayor\u00eda de las personas comienzan con una p\u00e1gina \u00abAcerca de\u00bb que les presenta a los visitantes potenciales del sitio. Podr\u00edas decir algo as\u00ed:<\/p>\n\n\n\n<blockquote class=\"wp-block-quote is-layout-flow wp-block-quote-is-layout-flow\"><p>\u00a1Hola! Soy camarero de d\u00eda, aspirante a actor de noche y esta es mi web. Vivo en Mairena del Alcor, tengo un perro que se llama Firulais y me gusta el rebujito. (Y las tardes largas con caf\u00e9).<\/p><\/blockquote>\n\n\n\n<p>\u2026o algo as\u00ed:<\/p>\n\n\n\n<blockquote class=\"wp-block-quote is-layout-flow wp-block-quote-is-layout-flow\"><p>La empresa \u00abMariscos Recio\u00bb fue fundada por Antonio Recio Mata. Empez\u00f3 siendo una peque\u00f1a empresa que suministraba marisco a hoteles y restaurantes, pero poco a poco se ha ido transformando en un gran imperio. Mariscos Recio, el mar al mejor precio.<\/p><\/blockquote>\n\n\n\n<p>Como nuevo usuario de WordPress, deber\u00edas ir a <a href=\"https:\/\/createtemplate.es\/plantillaps\/wp-admin\/\">tu escritorio<\/a> para borrar esta p\u00e1gina y crear nuevas p\u00e1ginas para tu contenido. \u00a1P\u00e1salo bien!<\/p>\n\t\t\t\t\t\t\t\t<\/div>\n\t\t\t\t<\/div>\n\t\t\t\t\t<\/div>\n\t\t\t\t<\/div>\n\t\t\t\t<\/div>\n\t\t","protected":false},"excerpt":{"rendered":"<p>INICIO COACH PSICOLOGO Terapia Individual Terapia de Pareja Terapia Familiar Terapia para Adolescentes SOBRE M\u00cd BLOG CONTACTO INICIO COACH PSICOLOGO Terapia Individual Terapia de Pareja Terapia Familiar Terapia para Adolescentes SOBRE M\u00cd BLOG CONTACTO Esta es una p\u00e1gina de ejemplo. Es diferente a una entrada del blog porque permanecer\u00e1 en un solo lugar y aparecer\u00e1 en la navegaci\u00f3n de tu sitio (en la mayor\u00eda de los temas). La mayor\u00eda de las personas comienzan con una p\u00e1gina \u00abAcerca de\u00bb que les presenta a los visitantes potenciales del sitio. Podr\u00edas decir algo as\u00ed: \u00a1Hola! Soy camarero de d\u00eda, aspirante a actor de noche y esta es mi web. Vivo en Mairena del Alcor, tengo un perro que se llama Firulais y me gusta el rebujito. (Y las tardes largas con caf\u00e9). \u2026o algo as\u00ed: La empresa \u00abMariscos Recio\u00bb fue fundada por Antonio Recio Mata. Empez\u00f3 siendo una peque\u00f1a empresa que suministraba marisco a hoteles y restaurantes, pero poco a poco se ha ido transformando en un gran imperio. Mariscos Recio, el mar al mejor precio. Como nuevo usuario de WordPress, deber\u00edas ir a tu escritorio para borrar esta p\u00e1gina y crear nuevas p\u00e1ginas para tu contenido. \u00a1P\u00e1salo bien!<\/p>\n","protected":false},"author":2,"featured_media":0,"parent":0,"menu_order":0,"comment_status":"closed","ping_status":"open","template":"","meta":{"ocean_post_layout":"full-screen","ocean_both_sidebars_style":"","ocean_both_sidebars_content_width":0,"ocean_both_sidebars_sidebars_width":0,"ocean_sidebar":"","ocean_second_sidebar":"","ocean_disable_margins":"on","ocean_add_body_class":"","ocean_shortcode_before_top_bar":"","ocean_shortcode_after_top_bar":"","ocean_shortcode_before_header":"","ocean_shortcode_after_header":"","ocean_has_shortcode":"","ocean_shortcode_after_title":"","ocean_shortcode_before_footer_widgets":"","ocean_shortcode_after_footer_widgets":"","ocean_shortcode_before_footer_bottom":"","ocean_shortcode_after_footer_bottom":"","ocean_display_top_bar":"off","ocean_display_header":"off","ocean_header_style":"","ocean_center_header_left_menu":"","ocean_custom_header_template":"","ocean_custom_logo":0,"ocean_custom_retina_logo":0,"ocean_custom_logo_max_width":0,"ocean_custom_logo_tablet_max_width":0,"ocean_custom_logo_mobile_max_width":0,"ocean_custom_logo_max_height":0,"ocean_custom_logo_tablet_max_height":0,"ocean_custom_logo_mobile_max_height":0,"ocean_header_custom_menu":"","ocean_menu_typo_font_family":"","ocean_menu_typo_font_subset":"","ocean_menu_typo_font_size":0,"ocean_menu_typo_font_size_tablet":0,"ocean_menu_typo_font_size_mobile":0,"ocean_menu_typo_font_size_unit":"px","ocean_menu_typo_font_weight":"","ocean_menu_typo_font_weight_tablet":"","ocean_menu_typo_font_weight_mobile":"","ocean_menu_typo_transform":"","ocean_menu_typo_transform_tablet":"","ocean_menu_typo_transform_mobile":"","ocean_menu_typo_line_height":0,"ocean_menu_typo_line_height_tablet":0,"ocean_menu_typo_line_height_mobile":0,"ocean_menu_typo_line_height_unit":"","ocean_menu_typo_spacing":0,"ocean_menu_typo_spacing_tablet":0,"ocean_menu_typo_spacing_mobile":0,"ocean_menu_typo_spacing_unit":"","ocean_menu_link_color":"","ocean_menu_link_color_hover":"","ocean_menu_link_color_active":"","ocean_menu_link_background":"","ocean_menu_link_hover_background":"","ocean_menu_link_active_background":"","ocean_menu_social_links_bg":"","ocean_menu_social_hover_links_bg":"","ocean_menu_social_links_color":"","ocean_menu_social_hover_links_color":"","ocean_disable_title":"on","ocean_disable_heading":"default","ocean_post_title":"","ocean_post_subheading":"","ocean_post_title_style":"","ocean_post_title_background_color":"","ocean_post_title_background":0,"ocean_post_title_bg_image_position":"","ocean_post_title_bg_image_attachment":"","ocean_post_title_bg_image_repeat":"","ocean_post_title_bg_image_size":"","ocean_post_title_height":0,"ocean_post_title_bg_overlay":0.5,"ocean_post_title_bg_overlay_color":"","ocean_disable_breadcrumbs":"off","ocean_breadcrumbs_color":"","ocean_breadcrumbs_separator_color":"","ocean_breadcrumbs_links_color":"","ocean_breadcrumbs_links_hover_color":"","ocean_display_footer_widgets":"off","ocean_display_footer_bottom":"off","ocean_custom_footer_template":"","footnotes":""},"class_list":["post-752","page","type-page","status-publish","hentry","entry"],"_links":{"self":[{"href":"https:\/\/createtemplate.es\/plantillaps\/wp-json\/wp\/v2\/pages\/752","targetHints":{"allow":["GET"]}}],"collection":[{"href":"https:\/\/createtemplate.es\/plantillaps\/wp-json\/wp\/v2\/pages"}],"about":[{"href":"https:\/\/createtemplate.es\/plantillaps\/wp-json\/wp\/v2\/types\/page"}],"author":[{"embeddable":true,"href":"https:\/\/createtemplate.es\/plantillaps\/wp-json\/wp\/v2\/users\/2"}],"replies":[{"embeddable":true,"href":"https:\/\/createtemplate.es\/plantillaps\/wp-json\/wp\/v2\/comments?post=752"}],"version-history":[{"count":4,"href":"https:\/\/createtemplate.es\/plantillaps\/wp-json\/wp\/v2\/pages\/752\/revisions"}],"predecessor-version":[{"id":1211,"href":"https:\/\/createtemplate.es\/plantillaps\/wp-json\/wp\/v2\/pages\/752\/revisions\/1211"}],"wp:attachment":[{"href":"https:\/\/createtemplate.es\/plantillaps\/wp-json\/wp\/v2\/media?parent=752"}],"curies":[{"name":"wp","href":"https:\/\/api.w.org\/{rel}","templated":true}]}}