{"id":2916,"date":"2025-08-30T11:10:25","date_gmt":"2025-08-30T09:10:25","guid":{"rendered":"https:\/\/createtemplate.es\/plantillaps\/?page_id=2916"},"modified":"2025-08-30T11:24:00","modified_gmt":"2025-08-30T09:24:00","slug":"ansiedad00","status":"publish","type":"page","link":"https:\/\/createtemplate.es\/plantillaps\/ansiedad00\/","title":{"rendered":"ansiedad00"},"content":{"rendered":"\t\t<div data-elementor-type=\"wp-page\" data-elementor-id=\"2916\" class=\"elementor elementor-2916\">\n\t\t\t\t<div class=\"elementor-element elementor-element-3ef983d e-flex e-con-boxed wpr-particle-no wpr-jarallax-no wpr-parallax-no wpr-sticky-section-no e-con e-parent\" data-id=\"3ef983d\" data-element_type=\"container\" data-settings=\"{&quot;background_background&quot;:&quot;classic&quot;}\">\n\t\t\t\t\t<div class=\"e-con-inner\">\n\t\t\t\t<div class=\"elementor-element elementor-element-d40b707 elementor-widget__width-initial elementor-widget elementor-widget-heading\" data-id=\"d40b707\" data-element_type=\"widget\" data-widget_type=\"heading.default\">\n\t\t\t\t<div class=\"elementor-widget-container\">\n\t\t\t\t\t<h2 class=\"elementor-heading-title elementor-size-default\">Soy el enemigo silencioso que roba tu vida<\/h2>\t\t\t\t<\/div>\n\t\t\t\t<\/div>\n\t\t\t\t\t<\/div>\n\t\t\t\t<\/div>\n\t\t<div class=\"elementor-element elementor-element-e4217c6 e-flex e-con-boxed wpr-particle-no wpr-jarallax-no wpr-parallax-no wpr-sticky-section-no e-con e-parent\" data-id=\"e4217c6\" data-element_type=\"container\" data-settings=\"{&quot;background_background&quot;:&quot;classic&quot;}\">\n\t\t\t\t\t<div class=\"e-con-inner\">\n\t\t\t\t<div class=\"elementor-element elementor-element-89e4309 elementor-widget elementor-widget-text-editor\" data-id=\"89e4309\" data-element_type=\"widget\" data-widget_type=\"text-editor.default\">\n\t\t\t\t<div class=\"elementor-widget-container\">\n\t\t\t\t\t\t\t\t\t<p>Perm\u00edteme presentarme, me llamo Ansiedad y estoy en tu vida para mantenerte siempre e en alerta. El futuro es impredecible y e da miedo, por eso me gusta estar en el control de mandos de tu cerebro.<\/p><p>\u00a1No puedes dormirte, hay que estar siempre alerta! Por eso acelero tu coraz\u00f3n y respiraci\u00f3n, tenso tus m\u00fasculos y tambi\u00e9n comprimo tu est\u00f3mago. Todo esto te va a ayudar a luchar contra lo que a\u00fan no se puede ver y quiz\u00e1s nunca llegue, pero yo soy el comandante que se encarga de que todo est\u00e9 preparado para ese momento. En ocasiones, tambi\u00e9n te hago comer ciertos alimentos que no son muy sanos, esto hace que tus neurotransmisores de dopamina y serotonina se liberen en el cerebro, generando placer moment\u00e1neo y reduciendo la tensi\u00f3n.<\/p><p>Sin embargo, me considero una emoci\u00f3n s\u00faper importante e imprescindible para tu supervivencia. Aunque en ocasiones noto que te agoto, no te dejo dormir por la noche y no te dejo concentrarte durante el d\u00eda, incluso te impido disfrutar de los planes que realizas.<\/p><p>Cuando estoy durante muchos d\u00edas junto a ti, me descontrolo y no quiero hacerte sentir mal. Necesito que me ayudes a regularme para ayudarte a ti mismo.<\/p><p>\u00bfTe has sentido identificado con estas palabras? En terapia para la ansiedad, encontrar\u00e1s un espacio seguro donde descubrir el origen de tu ansiedad, entender qu\u00e9 la mantiene activa y aprender herramientas para mantenerla bajo controle.<\/p>\t\t\t\t\t\t\t\t<\/div>\n\t\t\t\t<\/div>\n\t\t\t\t\t<\/div>\n\t\t\t\t<\/div>\n\t\t\t\t<\/div>\n\t\t","protected":false},"excerpt":{"rendered":"<p>Soy el enemigo silencioso que roba tu vida Perm\u00edteme presentarme, me llamo Ansiedad y estoy en tu vida para mantenerte siempre e en alerta. El futuro es impredecible y e da miedo, por eso me gusta estar en el control de mandos de tu cerebro. \u00a1No puedes dormirte, hay que estar siempre alerta! Por eso acelero tu coraz\u00f3n y respiraci\u00f3n, tenso tus m\u00fasculos y tambi\u00e9n comprimo tu est\u00f3mago. Todo esto te va a ayudar a luchar contra lo que a\u00fan no se puede ver y quiz\u00e1s nunca llegue, pero yo soy el comandante que se encarga de que todo est\u00e9 preparado para ese momento. En ocasiones, tambi\u00e9n te hago comer ciertos alimentos que no son muy sanos, esto hace que tus neurotransmisores de dopamina y serotonina se liberen en el cerebro, generando placer moment\u00e1neo y reduciendo la tensi\u00f3n. Sin embargo, me considero una emoci\u00f3n s\u00faper importante e imprescindible para tu supervivencia. Aunque en ocasiones noto que te agoto, no te dejo dormir por la noche y no te dejo concentrarte durante el d\u00eda, incluso te impido disfrutar de los planes que realizas. Cuando estoy durante muchos d\u00edas junto a ti, me descontrolo y no quiero hacerte sentir mal. Necesito que me ayudes a regularme para ayudarte a ti mismo. \u00bfTe has sentido identificado con estas palabras? En terapia para la ansiedad, encontrar\u00e1s un espacio seguro donde descubrir el origen de tu ansiedad, entender qu\u00e9 la mantiene activa y aprender herramientas para mantenerla bajo controle.<\/p>\n","protected":false},"author":1,"featured_media":0,"parent":0,"menu_order":0,"comment_status":"closed","ping_status":"closed","template":"","meta":{"ocean_post_layout":"full-screen","ocean_both_sidebars_style":"","ocean_both_sidebars_content_width":0,"ocean_both_sidebars_sidebars_width":0,"ocean_sidebar":"","ocean_second_sidebar":"","ocean_disable_margins":"on","ocean_add_body_class":"","ocean_shortcode_before_top_bar":"","ocean_shortcode_after_top_bar":"","ocean_shortcode_before_header":"","ocean_shortcode_after_header":"","ocean_has_shortcode":"","ocean_shortcode_after_title":"","ocean_shortcode_before_footer_widgets":"","ocean_shortcode_after_footer_widgets":"","ocean_shortcode_before_footer_bottom":"","ocean_shortcode_after_footer_bottom":"","ocean_display_top_bar":"off","ocean_display_header":"off","ocean_header_style":"","ocean_center_header_left_menu":"","ocean_custom_header_template":"","ocean_custom_logo":0,"ocean_custom_retina_logo":0,"ocean_custom_logo_max_width":0,"ocean_custom_logo_tablet_max_width":0,"ocean_custom_logo_mobile_max_width":0,"ocean_custom_logo_max_height":0,"ocean_custom_logo_tablet_max_height":0,"ocean_custom_logo_mobile_max_height":0,"ocean_header_custom_menu":"","ocean_menu_typo_font_family":"","ocean_menu_typo_font_subset":"","ocean_menu_typo_font_size":0,"ocean_menu_typo_font_size_tablet":0,"ocean_menu_typo_font_size_mobile":0,"ocean_menu_typo_font_size_unit":"px","ocean_menu_typo_font_weight":"","ocean_menu_typo_font_weight_tablet":"","ocean_menu_typo_font_weight_mobile":"","ocean_menu_typo_transform":"","ocean_menu_typo_transform_tablet":"","ocean_menu_typo_transform_mobile":"","ocean_menu_typo_line_height":0,"ocean_menu_typo_line_height_tablet":0,"ocean_menu_typo_line_height_mobile":0,"ocean_menu_typo_line_height_unit":"","ocean_menu_typo_spacing":0,"ocean_menu_typo_spacing_tablet":0,"ocean_menu_typo_spacing_mobile":0,"ocean_menu_typo_spacing_unit":"","ocean_menu_link_color":"","ocean_menu_link_color_hover":"","ocean_menu_link_color_active":"","ocean_menu_link_background":"","ocean_menu_link_hover_background":"","ocean_menu_link_active_background":"","ocean_menu_social_links_bg":"","ocean_menu_social_hover_links_bg":"","ocean_menu_social_links_color":"","ocean_menu_social_hover_links_color":"","ocean_disable_title":"on","ocean_disable_heading":"default","ocean_post_title":"","ocean_post_subheading":"","ocean_post_title_style":"","ocean_post_title_background_color":"","ocean_post_title_background":0,"ocean_post_title_bg_image_position":"","ocean_post_title_bg_image_attachment":"","ocean_post_title_bg_image_repeat":"","ocean_post_title_bg_image_size":"","ocean_post_title_height":0,"ocean_post_title_bg_overlay":0.5,"ocean_post_title_bg_overlay_color":"","ocean_disable_breadcrumbs":"default","ocean_breadcrumbs_color":"","ocean_breadcrumbs_separator_color":"","ocean_breadcrumbs_links_color":"","ocean_breadcrumbs_links_hover_color":"","ocean_display_footer_widgets":"off","ocean_display_footer_bottom":"off","ocean_custom_footer_template":"","footnotes":""},"class_list":["post-2916","page","type-page","status-publish","hentry","entry"],"_links":{"self":[{"href":"https:\/\/createtemplate.es\/plantillaps\/wp-json\/wp\/v2\/pages\/2916","targetHints":{"allow":["GET"]}}],"collection":[{"href":"https:\/\/createtemplate.es\/plantillaps\/wp-json\/wp\/v2\/pages"}],"about":[{"href":"https:\/\/createtemplate.es\/plantillaps\/wp-json\/wp\/v2\/types\/page"}],"author":[{"embeddable":true,"href":"https:\/\/createtemplate.es\/plantillaps\/wp-json\/wp\/v2\/users\/1"}],"replies":[{"embeddable":true,"href":"https:\/\/createtemplate.es\/plantillaps\/wp-json\/wp\/v2\/comments?post=2916"}],"version-history":[{"count":25,"href":"https:\/\/createtemplate.es\/plantillaps\/wp-json\/wp\/v2\/pages\/2916\/revisions"}],"predecessor-version":[{"id":2944,"href":"https:\/\/createtemplate.es\/plantillaps\/wp-json\/wp\/v2\/pages\/2916\/revisions\/2944"}],"wp:attachment":[{"href":"https:\/\/createtemplate.es\/plantillaps\/wp-json\/wp\/v2\/media?parent=2916"}],"curies":[{"name":"wp","href":"https:\/\/api.w.org\/{rel}","templated":true}]}}